{"id":35318,"date":"2021-02-21T23:23:41","date_gmt":"2021-02-21T22:23:41","guid":{"rendered":"http:\/\/www.businesspalma.com\/en\/?page_id=35318"},"modified":"2021-02-21T23:30:47","modified_gmt":"2021-02-21T22:30:47","slug":"home-de","status":"publish","type":"page","link":"https:\/\/www.businesspalma.com\/de\/home-de\/","title":{"rendered":"Home de"},"content":{"rendered":"<section class=\"vc_section\"><div class=\"vc_row wpb_row vc_row-fluid\"><div class=\"wpb_column vc_column_container vc_col-sm-12\"><div class=\"vc_column-inner\"><div class=\"wpb_wrapper\"><div id=\"ultimate-heading-480569d2d68246116\" class=\"uvc-heading ult-adjust-bottom-margin ultimate-heading-480569d2d68246116 uvc-2610 \" data-hspacer=\"no_spacer\"  data-halign=\"center\" style=\"text-align:center\"><div class=\"uvc-heading-spacer no_spacer\" style=\"top\"><\/div><div class=\"uvc-main-heading ult-responsive\"  data-ultimate-target='.uvc-heading.ultimate-heading-480569d2d68246116 h2'  data-responsive-json-new='{\"font-size\":\"desktop:40px;tablet:38px;mobile_landscape:32px;\",\"line-height\":\"desktop:44px;tablet:40px;mobile_landscape:38px;\"}' ><h2 style=\"font-family:&#039;Roboto&#039;;font-weight:300;margin-bottom:35px;\">Gesch\u00e4ftsadresse mieten und Firmengr\u00fcndung in Spanien, Mallorca<\/h2><\/div><\/div><\/div><\/div><\/div><\/div><div class=\"vc_row wpb_row vc_row-fluid\"><div class=\"wpb_column vc_column_container vc_col-sm-4\"><div class=\"vc_column-inner\"><div class=\"wpb_wrapper\"><h3 style=\"color: rgba(0,0,0,0.5);text-align: center;font-family:Alice;font-weight:400;font-style:normal\" class=\"vc_custom_heading\" ><a href=\"http:\/\/www.businesspalma.com\/de\/mail-services-spain\/\" title=\"Mail Services in Spain\">Virtuelle Adresse in Spanien<\/a><\/h3><section class=\"shortcode-teaser img-full frame-on\"><div class=\"shortcode-teaser-img\"><a class=\"layzr-bg\" href=\"https:\/\/businesspalma.com\/en\/mail-services-spain\" target=\"_blank\"><img loading=\"lazy\" decoding=\"async\" class=\"lazy-load\" src=\"data:image\/svg+xml;charset=utf-8,%3Csvg xmlns%3D&#039;http%3A%2F%2Fwww.w3.org%2F2000%2Fsvg&#039; viewBox%3D&#039;0 0 360 240&#039;%2F%3E\" width=\"360\" height=\"240\" alt=\"mailbox spain\" data-srcset=\"https:\/\/www.businesspalma.com\/wp-content\/uploads\/2021\/02\/mailbox_spain-en-1.jpg 360w\" data-src=\"https:\/\/www.businesspalma.com\/wp-content\/uploads\/2021\/02\/mailbox_spain-en-1.jpg\" \/><\/a><\/div><div class=\"shortcode-teaser-content text-big\"><p>Briefk\u00e4sten und Gesch\u00e4ftsadresse zur Miete f\u00fcr Privat- und Gesch\u00e4ftskunden auf Mallorca, Spanien. <a href=\"http:\/\/www.businesspalma.com\/de\/mail-services\/\">Weiterlesen<\/a><\/p>\n<\/div><\/section><\/div><\/div><\/div><div class=\"wpb_column vc_column_container vc_col-sm-4\"><div class=\"vc_column-inner\"><div class=\"wpb_wrapper\"><h3 style=\"color: rgba(0,0,0,0.5);text-align: center;font-family:Alice;font-weight:400;font-style:normal\" class=\"vc_custom_heading\" ><a href=\"http:\/\/www.businesspalma.com\/en\/spanish-company-registration\/\" title=\"Spanish Company Registration\">Firmengr\u00fcndung in Spanien<\/a><\/h3><section class=\"shortcode-teaser img-full frame-on\"><div class=\"layzr-bg shortcode-teaser-img\"><img loading=\"lazy\" decoding=\"async\" class=\"lazy-load\" src=\"data:image\/svg+xml;charset=utf-8,%3Csvg xmlns%3D&#039;http%3A%2F%2Fwww.w3.org%2F2000%2Fsvg&#039; viewBox%3D&#039;0 0 363 240&#039;%2F%3E\" width=\"363\" height=\"240\" alt=\"Spanish Company Registration\" data-srcset=\"https:\/\/www.businesspalma.com\/wp-content\/uploads\/2021\/02\/spanish-company-en-1.jpg 363w\" data-src=\"https:\/\/www.businesspalma.com\/wp-content\/uploads\/2021\/02\/spanish-company-en-1.jpg\" \/><\/div><div class=\"shortcode-teaser-content text-big\"><p>Wir unternehmen alle Schritte, um Firmengr\u00fcndung in Spanien f\u00fcr Gebietsans\u00e4ssige und Gebietsfremde zu registrieren.<a href=\"http:\/\/www.businesspalma.com\/de\/spanish-company-registration\/\">Weiterlesen<\/a><\/p>\n<\/div><\/section><\/div><\/div><\/div><div class=\"wpb_column vc_column_container vc_col-sm-4\"><div class=\"vc_column-inner\"><div class=\"wpb_wrapper\"><h3 style=\"color: rgba(0,0,0,0.5);text-align: center;font-family:Alice;font-weight:400;font-style:normal\" class=\"vc_custom_heading\" ><a href=\"http:\/\/www.businesspalma.com\/de\/company-services\/\" title=\"Spanish Company Services\">Firmenstart<\/a><\/h3><section class=\"shortcode-teaser img-full frame-on\"><div class=\"layzr-bg shortcode-teaser-img\"><img loading=\"lazy\" decoding=\"async\" class=\"lazy-load\" src=\"data:image\/svg+xml;charset=utf-8,%3Csvg xmlns%3D&#039;http%3A%2F%2Fwww.w3.org%2F2000%2Fsvg&#039; viewBox%3D&#039;0 0 360 240&#039;%2F%3E\" width=\"360\" height=\"240\" alt=\"company help mallorca\" data-srcset=\"https:\/\/www.businesspalma.com\/wp-content\/uploads\/2021\/02\/company-maintenance-en-1.jpg 360w\" data-src=\"https:\/\/www.businesspalma.com\/wp-content\/uploads\/2021\/02\/company-maintenance-en-1.jpg\" \/><\/div><div class=\"shortcode-teaser-content text-big\"><p>Wir helfen in der ersten Lebensphase Ihres Unternehmens: Gesch\u00e4ftsadresse, Buchhalter, B\u00fcro usw. <a href=\"http:\/\/www.businesspalma.com\/de\/company-services\/\">Weiterlesen<\/a><\/p>\n<\/div><\/section><\/div><\/div><\/div><\/div><div class=\"vc_row wpb_row vc_row-fluid\"><div class=\"wpb_column vc_column_container vc_col-sm-12\"><div class=\"vc_column-inner\"><div class=\"wpb_wrapper\"><div class=\"vc_empty_space\"   style=\"height: 32px\"><span class=\"vc_empty_space_inner\"><\/span><\/div><div class=\"vc_row wpb_row vc_inner vc_row-fluid\"><div class=\"wpb_column vc_column_container vc_col-sm-10\"><div class=\"vc_column-inner\"><div class=\"wpb_wrapper\"><div id=\"ultimate-heading-326569d2d6824a5da\" class=\"uvc-heading ult-adjust-bottom-margin ultimate-heading-326569d2d6824a5da uvc-9368 color-title\" data-hspacer=\"no_spacer\"  data-halign=\"center\" style=\"text-align:center\"><div class=\"uvc-heading-spacer no_spacer\" style=\"top\"><\/div><div class=\"uvc-main-heading ult-responsive\"  data-ultimate-target='.uvc-heading.ultimate-heading-326569d2d6824a5da h2'  data-responsive-json-new='{\"font-size\":\"desktop:38px;tablet:36px;mobile_landscape:30px;\",\"line-height\":\"desktop:48px;tablet:42px;mobile_landscape:36px;\"}' ><h2 style=\"font-family:&#039;Roboto&#039;;font-weight:300;margin-bottom:10px;\">Einfache Online-Anmeldung f\u00fcr Ihre spanische Adresse auf Mallorca<\/h2><\/div><div class=\"uvc-sub-heading ult-responsive\"  data-ultimate-target='.uvc-heading.ultimate-heading-326569d2d6824a5da .uvc-sub-heading '  data-responsive-json-new='{\"font-size\":\"desktop:22px;tablet:20px;mobile_landscape:18px;\",\"line-height\":\"desktop:34px;tablet:30px;mobile_landscape:28px;\"}'  style=\"font-family:&#039;Roboto&#039;;font-weight:300;\">Briefk\u00e4sten und Gesch\u00e4ftsadresse zur Miete f\u00fcr Privat- und Gesch\u00e4ftskunden auf Mallorca, Spanien.<\/div><\/div><\/div><\/div><\/div><div class=\"wpb_column vc_column_container vc_col-sm-2\"><div class=\"vc_column-inner\"><div class=\"wpb_wrapper\"><div class=\"vc_btn3-container vc_btn3-inline\" ><a class=\"vc_general vc_btn3 vc_btn3-size-md vc_btn3-shape-rounded vc_btn3-style-modern vc_btn3-color-grey\" href=\"http:\/\/www.businesspalma.com\/de\/price-table\/\" title=\"Price Table\">Order Now<\/a><\/div><\/div><\/div><\/div><\/div><div class=\"vc_empty_space\"   style=\"height: 32px\"><span class=\"vc_empty_space_inner\"><\/span><\/div><\/div><\/div><\/div><\/div><div class=\"vc_row wpb_row vc_row-fluid\"><div class=\"wpb_column vc_column_container vc_col-sm-4\"><div class=\"vc_column-inner\"><div class=\"wpb_wrapper\"><div id=\"ts-vcsc-box-icon-7738817\" class=\"ts-vcsc-box-icon  ts-radius-small icon_top-style ts-box-icon  \"  style=\"margin-bottom:0px; margin-top:0px;\"><div class=\"ts-css-shadow  ts-radius-small\" style=\"background-color: #ffffff;\"><div class=\"ts-icon-box-inner top-side  ts-radius-small \" style=\"border: 1px solid #1e73be; padding: 10px 10px 10px 10px; \"><i style=\"margin: 0 auto 10px auto; float: none;; color:rgba(30,115,190,0.7);padding: 5px 5px; background-color:; width: 34px; height: 34px; font-size: 34px; line-height: 34px; \" class=\"ts-box-icon-title-icon fas fa-download ts-main-ico ts-font-icon  \"><\/i><div class=\"box-detail-wrapper\" style=\"clear: both;\"><a class=\"ts-box-icon-link\" style=\"text-decoration: none;\" href=\"\/en\/personal-plan\" target=\"_parent\"><div class=\"ts-box-icon-title\" style=\"width: auto !important; color:#000000; font-size:26px; font-weight:inherit; margin-bottom: 10px; text-align:center; \">Personal Plan<\/div><\/a><div class=\"ts-icon-box-content\" style=\"margin-top: 10px; font-size: 17px; line-height: 16px; font-family: Lucida Grande, Lucida Sans Unicode, sans-serif; \"><p style=\"text-align: center;\"><strong>AB 8 \u20ac \/ Monat<\/strong><\/p>\n<p style=\"text-align: center;\">sicher und privat<br \/>\nleicht zu \u00f6ffnen<br \/>\nerschwinglich<br \/>\noptionale Mailweiterleitung<br \/>\nselbstverwaltend<br \/>\neinfacher Zugang zur Stra\u00dfe<\/p>\n<\/div><a class=\"ts-icon-box-readmore ts-dual-buttons-color-default ts-dual-buttons-preview-default ts-dual-buttons-hover-default\" style=\"display: block; width: 45%; float:  none; \" href=\"\/en\/personal-plan\" target=\"_parent\">Order Now<\/a><div class=\"clearboth\"><\/div><\/div><\/div><div class=\"clearboth\"><\/div><\/div><\/div><\/div><\/div><\/div><div class=\"wpb_column vc_column_container vc_col-sm-4\"><div class=\"vc_column-inner\"><div class=\"wpb_wrapper\"><div id=\"ts-vcsc-box-icon-9659026\" class=\"ts-vcsc-box-icon  ts-radius-small icon_top-style ts-box-icon  \"  style=\"margin-bottom:0px; margin-top:0px;\"><div class=\"ts-css-shadow  ts-radius-small\" style=\"background-color: #ffffff;\"><div class=\"ts-icon-box-inner top-side  ts-radius-small \" style=\"border: 1px solid #1e73be; padding: 10px 10px 10px 10px; \"><i style=\"margin: 0 auto 10px auto; float: none;; color:rgba(30,115,190,0.7);padding: 5px 5px; background-color:; width: 34px; height: 34px; font-size: 34px; line-height: 34px; \" class=\"ts-box-icon-title-icon fas fa-download ts-main-ico ts-font-icon  \"><\/i><div class=\"box-detail-wrapper\" style=\"clear: both;\"><a class=\"ts-box-icon-link\" style=\"text-decoration: none;\" href=\"\/en\/medium-plan\" target=\"_parent\"><div class=\"ts-box-icon-title\" style=\"width: auto !important; color:#000000; font-size:26px; font-weight:inherit; margin-bottom: 10px; text-align:center; \">Medium Plan<\/div><\/a><div class=\"ts-icon-box-content\" style=\"margin-top: 10px; font-size: 17px; line-height: 16px; font-family: Lucida Grande, Lucida Sans Unicode, sans-serif; \"><p style=\"text-align: center;\"><strong>AB 14\u20ac\/Monat<\/strong><\/p>\n<p style=\"text-align: center;\">Pers\u00f6nlicher Briefkasten<br \/>\nMail-Weiterleitung enthalten<br \/>\nRenommierte Adresse<br \/>\nSelbstverwaltung m\u00f6glich<br \/>\nMail-Scan vorw\u00e4rts<\/p>\n<\/div><a class=\"ts-icon-box-readmore ts-dual-buttons-color-default ts-dual-buttons-preview-default ts-dual-buttons-hover-default\" style=\"display: block; width: 45%; float:  none; \" href=\"\/en\/medium-plan\" target=\"_parent\">Order Now<\/a><div class=\"clearboth\"><\/div><\/div><\/div><div class=\"clearboth\"><\/div><\/div><\/div><\/div><\/div><\/div><div class=\"wpb_column vc_column_container vc_col-sm-4\"><div class=\"vc_column-inner\"><div class=\"wpb_wrapper\"><div id=\"ts-vcsc-box-icon-7835989\" class=\"ts-vcsc-box-icon  ts-radius-small icon_top-style ts-box-icon  \"  style=\"margin-bottom:0px; margin-top:0px;\"><div class=\"ts-css-shadow  ts-radius-small\" style=\"background-color: #ffffff;\"><div class=\"ts-icon-box-inner top-side  ts-radius-small \" style=\"border: 1px solid #1e73be; padding: 10px 10px 10px 10px; \"><i style=\"margin: 0 auto 10px auto; float: none;; color:rgba(30,115,190,0.7);padding: 5px 5px; background-color:; width: 34px; height: 34px; font-size: 34px; line-height: 34px; \" class=\"ts-box-icon-title-icon fas fa-download ts-main-ico ts-font-icon  \"><\/i><div class=\"box-detail-wrapper\" style=\"clear: both;\"><a class=\"ts-box-icon-link\" style=\"text-decoration: none;\" href=\"\/en\/medium-plan\" target=\"_parent\"><div class=\"ts-box-icon-title\" style=\"width: auto !important; color:#000000; font-size:26px; font-weight:inherit; margin-bottom: 10px; text-align:center; \">Business Plan<\/div><\/a><div class=\"ts-icon-box-content\" style=\"margin-top: 10px; font-size: 17px; line-height: 16px; font-family: Lucida Grande, Lucida Sans Unicode, sans-serif; \"><p style=\"text-align: center;\"><strong>AB 20\u20ac\/Monat<\/strong><\/p>\n<p style=\"text-align: center;\">Hilfe bei der Einrichtung des Unternehmens<br \/>\nOffizielle Gesch\u00e4ftsadresse<br \/>\nGro\u00dfe Pakete empfangen und weiterleiten<\/p>\n<\/div><a class=\"ts-icon-box-readmore ts-dual-buttons-color-default ts-dual-buttons-preview-default ts-dual-buttons-hover-default\" style=\"display: block; width: 45%; float:  none; \" href=\"\/en\/medium-plan\" target=\"_parent\">Order Now<\/a><div class=\"clearboth\"><\/div><\/div><\/div><div class=\"clearboth\"><\/div><\/div><\/div><\/div><\/div><\/div><\/div><div class=\"vc_row wpb_row vc_row-fluid\"><div class=\"wpb_column vc_column_container vc_col-sm-12\"><div class=\"vc_column-inner\"><div class=\"wpb_wrapper\"><div id=\"ultimate-heading-120669d2d6824bf7f\" class=\"uvc-heading ult-adjust-bottom-margin ultimate-heading-120669d2d6824bf7f uvc-9160 color-title\" data-hspacer=\"no_spacer\"  data-halign=\"center\" style=\"text-align:center\"><div class=\"uvc-heading-spacer no_spacer\" style=\"top\"><\/div><div class=\"uvc-main-heading ult-responsive\"  data-ultimate-target='.uvc-heading.ultimate-heading-120669d2d6824bf7f h2'  data-responsive-json-new='{\"font-size\":\"desktop:48px;tablet:42px;mobile_landscape:36px;\",\"line-height\":\"desktop:58px;tablet:52px;mobile_landscape:46px;\"}' ><h2 style=\"font-family:&#039;Roboto&#039;;font-weight:300;margin-top:20px;margin-bottom:10px;\">Gesch\u00e4ftsadresse mieten in Mallorca, Spanien<\/h2><\/div><div class=\"uvc-sub-heading ult-responsive\"  data-ultimate-target='.uvc-heading.ultimate-heading-120669d2d6824bf7f .uvc-sub-heading '  data-responsive-json-new='{\"font-size\":\"desktop:22px;tablet:20px;mobile_landscape:18px;\",\"line-height\":\"desktop:28px;tablet:26px;mobile_landscape:24px;\"}'  style=\"font-family:&#039;Roboto&#039;;font-weight:300;margin-bottom:10px;\">Ihr g\u00fcnstiger Briefkasten zur Miete in Spanien. Egal ob Privat oder Gesch\u00e4ftlich, Es gibt viele wichtige Gr\u00fcnde f\u00fcr eine Briefkastenadresse. Ob Anonymisierung oder Lagerung auf Zeit. Briefksten-Adresse.de ist Ihr Partner f\u00fcr mietbare Briefk\u00e4sten.<\/div><\/div><\/div><\/div><\/div><\/div><div class=\"vc_row wpb_row vc_row-fluid\"><div class=\"wpb_column vc_column_container vc_col-sm-12\"><div class=\"vc_column-inner\"><div class=\"wpb_wrapper\"><div id=\"ultimate-heading-993969d2d6824c6ee\" class=\"uvc-heading ult-adjust-bottom-margin ultimate-heading-993969d2d6824c6ee uvc-5739 color-title\" data-hspacer=\"no_spacer\"  data-halign=\"center\" style=\"text-align:center\"><div class=\"uvc-heading-spacer no_spacer\" style=\"top\"><\/div><div class=\"uvc-main-heading ult-responsive\"  data-ultimate-target='.uvc-heading.ultimate-heading-993969d2d6824c6ee h2'  data-responsive-json-new='{\"font-size\":\"desktop:48px;tablet:42px;mobile_landscape:36px;\",\"line-height\":\"desktop:58px;tablet:52px;mobile_landscape:46px;\"}' ><h2 style=\"font-family:&#039;Roboto&#039;;font-weight:300;margin-top:30px;margin-bottom:30px;\">What say the clients!<\/h2><\/div><\/div><div class=\"vc_row wpb_row vc_inner vc_row-fluid\"><div class=\"wpb_column vc_column_container vc_col-sm-4\"><div class=\"vc_column-inner\"><div class=\"wpb_wrapper\"><div id=\"ultimate-heading-561169d2d6824fc96\" class=\"uvc-heading ult-adjust-bottom-margin ultimate-heading-561169d2d6824fc96 uvc-3501  uvc-heading-default-font-sizes\" data-hspacer=\"image_only\"  data-halign=\"center\" style=\"text-align:center\"><div class=\"uvc-heading-spacer image_only\" style=\"margin-bottom:15px;\"><img decoding=\"async\" src=\"https:\/\/the7.io\/wp-content\/uploads\/sites\/76\/2016\/11\/comment-icon-tiny.png\" class=\"ultimate-headings-icon-image\" alt=\"null\" style=\"width:39px\"\/><\/div><div class=\"uvc-sub-heading ult-responsive\"  data-ultimate-target='.uvc-heading.ultimate-heading-561169d2d6824fc96 .uvc-sub-heading '  data-responsive-json-new='{\"font-size\":\"desktop:17px;\",\"line-height\":\"desktop:30px;\"}'  style=\"font-family:&#039;Roboto&#039;;font-weight:300;\"><\/p>\n<div class=\"wpb_text_column wpb_content_element vc_custom_1446987300151 content_testimonials\">\n<div class=\"wpb_wrapper\">\n<p>We have a small Business plan and living In Germany, makes us easier to control our correspondence which comes to address in Spain. At request, all our mails are forwarded to me in Germany. Works smoothly.<\/p>\n<\/div>\n<\/div>\n<p><\/div><\/div><div id=\"ultimate-heading-444969d2d68250184\" class=\"uvc-heading ult-adjust-bottom-margin ultimate-heading-444969d2d68250184 uvc-8116 \" data-hspacer=\"image_only\"  data-halign=\"center\" style=\"text-align:center\"><div class=\"uvc-main-heading ult-responsive\"  data-ultimate-target='.uvc-heading.ultimate-heading-444969d2d68250184 h2'  data-responsive-json-new='{\"font-size\":\"desktop:18px;\",\"line-height\":\"desktop:24px;\"}' ><h2 style=\"font-family:&#039;Roboto&#039;;font-weight:normal;font-style:normal;margin-top:15px;\">Walter<\/h2><\/div><div class=\"uvc-heading-spacer image_only\" style=\"margin-bottom:30px;\"><img decoding=\"async\" src=\"https:\/\/the7.io\/wp-content\/uploads\/sites\/76\/2016\/11\/stars-rating-icon-tiny.png\" class=\"ultimate-headings-icon-image\" alt=\"null\" style=\"width:88px\"\/><\/div><\/div><\/div><\/div><\/div><div class=\"wpb_column vc_column_container vc_col-sm-4\"><div class=\"vc_column-inner\"><div class=\"wpb_wrapper\"><style type=\"text\/css\" data-type=\"the7_shortcodes-inline-css\">.shortcode-single-image-wrap.shortcode-single-image-12b4c8b34d714fdfac23a73f5a6a6cd6.enable-bg-rollover .rollover i,\n.shortcode-single-image-wrap.shortcode-single-image-12b4c8b34d714fdfac23a73f5a6a6cd6.enable-bg-rollover .rollover-video i {\n  background: -webkit-linear-gradient();\n  background: linear-gradient();\n}\n.shortcode-single-image-wrap.shortcode-single-image-12b4c8b34d714fdfac23a73f5a6a6cd6 .rollover-icon {\n  font-size: 32px;\n  color: #ffffff;\n  min-width: 44px;\n  min-height: 44px;\n  line-height: 44px;\n  border-radius: 100px;\n  border-style: solid;\n  border-width: 0px;\n}\n.dt-icon-bg-on.shortcode-single-image-wrap.shortcode-single-image-12b4c8b34d714fdfac23a73f5a6a6cd6 .rollover-icon {\n  background: rgba(255,255,255,0.3);\n  box-shadow: none;\n}\n<\/style><div id=\"ultimate-heading-811269d2d68250a64\" class=\"uvc-heading ult-adjust-bottom-margin ultimate-heading-811269d2d68250a64 uvc-2747 \" data-hspacer=\"no_spacer\"  data-halign=\"center\" style=\"text-align:center\"><div class=\"uvc-heading-spacer no_spacer\" style=\"top\"><\/div><div class=\"uvc-main-heading ult-responsive\"  data-ultimate-target='.uvc-heading.ultimate-heading-811269d2d68250a64 h2'  data-responsive-json-new='{\"font-size\":\"desktop:18px;\",\"line-height\":\"desktop:24px;\"}' ><h2 style=\"font-family:&#039;Roboto&#039;;font-weight:normal;font-style:normal;margin-top:25px;\">Spanish address and Company Formation<\/h2><\/div><\/div><div class=\" vc_custom_1613722816303 ubtn-ctn-center \"><a class=\"ubtn-link ult-adjust-bottom-margin ubtn-center ubtn-custom \" href=\"http:\/\/www.businesspalma.com\/new\/price-table\/\" title=\"Price Table\" target=\"_blank\" rel=\"noopener\" ><button type=\"button\" id=\"ubtn-7319\"  class=\"ubtn ult-adjust-bottom-margin ult-responsive ubtn-custom ubtn-fade-bg  none  ubtn-center   tooltip-69d2d68250aeb\"  data-hover=\"#292e36\" data-border-color=\"\" data-bg=\"\" data-hover-bg=\"\" data-border-hover=\"\" data-shadow-hover=\"\" data-shadow-click=\"none\" data-shadow=\"\" data-shd-shadow=\"\"  data-ultimate-target='#ubtn-7319'  data-responsive-json-new='{\"font-size\":\"desktop:14px;\",\"line-height\":\"desktop:20px;\"}'  style=\"font-family:&#039;Roboto&#039;;font-weight:normal;font-style:normal;width:px;min-height:px;padding:px px;border:none;color: #adb0b6;\"><span class=\"ubtn-hover\" style=\"background-color:\"><\/span><span class=\"ubtn-data ubtn-text \" ><\/span><\/button><\/a><\/div><\/div><\/div><\/div><div class=\"wpb_column vc_column_container vc_col-sm-4\"><div class=\"vc_column-inner\"><div class=\"wpb_wrapper\"><div id=\"ultimate-heading-943369d2d68251111\" class=\"uvc-heading ult-adjust-bottom-margin ultimate-heading-943369d2d68251111 uvc-6725  uvc-heading-default-font-sizes\" data-hspacer=\"image_only\"  data-halign=\"center\" style=\"text-align:center\"><div class=\"uvc-heading-spacer image_only\" style=\"margin-bottom:15px;\"><img decoding=\"async\" src=\"https:\/\/the7.io\/wp-content\/uploads\/sites\/76\/2016\/11\/comment-icon-tiny.png\" class=\"ultimate-headings-icon-image\" alt=\"null\" style=\"width:39px\"\/><\/div><div class=\"uvc-sub-heading ult-responsive\"  data-ultimate-target='.uvc-heading.ultimate-heading-943369d2d68251111 .uvc-sub-heading '  data-responsive-json-new='{\"font-size\":\"desktop:17px;\",\"line-height\":\"desktop:30px;\"}'  style=\"font-family:&#039;Roboto&#039;;font-weight:300;\">Central located address, close to the Palma Marina, which makes easy to get our posts when our yacht stops in Palma port.<\/div><\/div><div id=\"ultimate-heading-352869d2d68254160\" class=\"uvc-heading ult-adjust-bottom-margin ultimate-heading-352869d2d68254160 uvc-6430 \" data-hspacer=\"image_only\"  data-halign=\"center\" style=\"text-align:center\"><div class=\"uvc-main-heading ult-responsive\"  data-ultimate-target='.uvc-heading.ultimate-heading-352869d2d68254160 h2'  data-responsive-json-new='{\"font-size\":\"desktop:18px;\",\"line-height\":\"desktop:24px;\"}' ><h2 style=\"font-family:&#039;Roboto&#039;;font-weight:normal;font-style:normal;margin-top:15px;\">Yachtie<\/h2><\/div><div class=\"uvc-heading-spacer image_only\" style=\"margin-bottom:30px;\"><img decoding=\"async\" src=\"https:\/\/the7.io\/wp-content\/uploads\/sites\/76\/2016\/11\/stars-rating-icon-tiny.png\" class=\"ultimate-headings-icon-image\" alt=\"null\" style=\"width:88px\"\/><\/div><\/div><\/div><\/div><\/div><\/div><\/div><\/div><\/div><\/div><\/section>\n","protected":false},"excerpt":{"rendered":"<p>Gesch\u00e4ftsadresse mieten und Firmengr\u00fcndung in Spanien, MallorcaVirtuelle Adresse in SpanienFirmengr\u00fcndung in SpanienFirmenstartEinfache Online-Anmeldung f\u00fcr Ihre spanische Adresse auf MallorcaBriefk\u00e4sten und Gesch\u00e4ftsadresse zur Miete f\u00fcr Privat- und Gesch\u00e4ftskunden auf Mallorca, Spanien.Order NowPersonal PlanAB 8 \u20ac \/ Monat sicher und privat leicht zu \u00f6ffnen erschwinglich optionale Mailweiterleitung selbstverwaltend einfacher Zugang zur Stra\u00dfe Order NowMedium PlanAB 14\u20ac\/Monat Pers\u00f6nlicher&hellip;<\/p>\n","protected":false},"author":1,"featured_media":0,"parent":0,"menu_order":0,"comment_status":"closed","ping_status":"closed","template":"","meta":[],"class_list":["post-35318","page","type-page","status-publish","hentry","description-off"],"yoast_head":"<!-- This site is optimized with the Yoast SEO Premium plugin v15.7 - https:\/\/yoast.com\/wordpress\/plugins\/seo\/ -->\n<title>Home de<\/title>\n<meta name=\"description\" content=\"Gesch\u00e4ftsadresse mieten und Firmengr\u00fcndung in Spanien, Mallorca\" \/>\n<meta name=\"robots\" content=\"index, follow, max-snippet:-1, max-image-preview:large, max-video-preview:-1\" \/>\n<link rel=\"canonical\" href=\"https:\/\/www.businesspalma.com\/de\/home-de\/\" \/>\n<meta property=\"og:locale\" content=\"de_DE\" \/>\n<meta property=\"og:type\" content=\"article\" \/>\n<meta property=\"og:title\" content=\"Home de\" \/>\n<meta property=\"og:description\" content=\"Gesch\u00e4ftsadresse mieten und Firmengr\u00fcndung in Spanien, Mallorca\" \/>\n<meta property=\"og:url\" content=\"https:\/\/www.businesspalma.com\/de\/home-de\/\" \/>\n<meta property=\"og:site_name\" content=\"Mail Services and Company Registration in Spain\" \/>\n<meta property=\"article:modified_time\" content=\"2021-02-21T22:30:47+00:00\" \/>\n<meta name=\"twitter:card\" content=\"summary_large_image\" \/>\n<meta name=\"twitter:label1\" content=\"Gesch\u00e4tzte Lesezeit\">\n\t<meta name=\"twitter:data1\" content=\"3\u00a0Minuten\">\n<script type=\"application\/ld+json\" class=\"yoast-schema-graph\">{\"@context\":\"https:\/\/schema.org\",\"@graph\":[{\"@type\":\"Organization\",\"@id\":\"https:\/\/www.businesspalma.com\/de\/#organization\",\"name\":\"Business Palma\",\"url\":\"https:\/\/www.businesspalma.com\/de\/\",\"sameAs\":[],\"logo\":{\"@type\":\"ImageObject\",\"@id\":\"https:\/\/www.businesspalma.com\/de\/#logo\",\"inLanguage\":\"de-DE\",\"url\":\"https:\/\/www.businesspalma.com\/wp-content\/uploads\/2021\/02\/logo-1.png\",\"width\":152,\"height\":39,\"caption\":\"Business Palma\"},\"image\":{\"@id\":\"https:\/\/www.businesspalma.com\/de\/#logo\"}},{\"@type\":\"WebSite\",\"@id\":\"https:\/\/www.businesspalma.com\/de\/#website\",\"url\":\"https:\/\/www.businesspalma.com\/de\/\",\"name\":\"Mail Services and Company Registration in Spain Mallorca\",\"description\":\"Virtual Address in Spain, Mallorca. Maildrop. Company formation in Spain\",\"publisher\":{\"@id\":\"https:\/\/www.businesspalma.com\/de\/#organization\"},\"potentialAction\":[{\"@type\":\"SearchAction\",\"target\":\"https:\/\/www.businesspalma.com\/de\/?s={search_term_string}\",\"query-input\":\"required name=search_term_string\"}],\"inLanguage\":\"de-DE\"},{\"@type\":\"WebPage\",\"@id\":\"https:\/\/www.businesspalma.com\/de\/home-de\/#webpage\",\"url\":\"https:\/\/www.businesspalma.com\/de\/home-de\/\",\"name\":\"[:en]Auto Draft[:de]Home de[:] - Mail Services and Company Registration in Spain\",\"isPartOf\":{\"@id\":\"https:\/\/www.businesspalma.com\/de\/#website\"},\"datePublished\":\"2021-02-21T22:23:41+00:00\",\"dateModified\":\"2021-02-21T22:30:47+00:00\",\"description\":\"Gesch\\u00e4ftsadresse mieten und Firmengr\\u00fcndung in Spanien, Mallorca\",\"inLanguage\":\"de-DE\",\"potentialAction\":[{\"@type\":\"ReadAction\",\"target\":[\"https:\/\/www.businesspalma.com\/de\/home-de\/\"]}]}]}<\/script>\n<!-- \/ Yoast SEO Premium plugin. -->","_links":{"self":[{"href":"https:\/\/www.businesspalma.com\/de\/wp-json\/wp\/v2\/pages\/35318","targetHints":{"allow":["GET"]}}],"collection":[{"href":"https:\/\/www.businesspalma.com\/de\/wp-json\/wp\/v2\/pages"}],"about":[{"href":"https:\/\/www.businesspalma.com\/de\/wp-json\/wp\/v2\/types\/page"}],"author":[{"embeddable":true,"href":"https:\/\/www.businesspalma.com\/de\/wp-json\/wp\/v2\/users\/1"}],"replies":[{"embeddable":true,"href":"https:\/\/www.businesspalma.com\/de\/wp-json\/wp\/v2\/comments?post=35318"}],"version-history":[{"count":1,"href":"https:\/\/www.businesspalma.com\/de\/wp-json\/wp\/v2\/pages\/35318\/revisions"}],"predecessor-version":[{"id":35319,"href":"https:\/\/www.businesspalma.com\/de\/wp-json\/wp\/v2\/pages\/35318\/revisions\/35319"}],"wp:attachment":[{"href":"https:\/\/www.businesspalma.com\/de\/wp-json\/wp\/v2\/media?parent=35318"}],"curies":[{"name":"wp","href":"https:\/\/api.w.org\/{rel}","templated":true}]}}